{"id":4091,"date":"2020-06-12T15:33:47","date_gmt":"2020-06-12T13:33:47","guid":{"rendered":"https:\/\/lessortiesdufrigo.blopinterjection.com\/?page_id=4091"},"modified":"2025-04-26T17:24:25","modified_gmt":"2025-04-26T15:24:25","slug":"a-vos-souhaits","status":"publish","type":"page","link":"https:\/\/lessortiesdufrigo.blopinterjection.com\/?page_id=4091","title":{"rendered":"\u00c0 vos souhaits&#8230;"},"content":{"rendered":"\n<p>Le Collectif blOp vous propose \u00e9galement de r\u00e9aliser des lectures musicales \u00e0 la demande : <\/p>\n\n\n\n<ul class=\"wp-block-list\">\n<li>Vous souhaitez assembler les ouvrages diff\u00e9remment de la fa\u00e7on dont nous vous les proposons ? C&rsquo;est possible !<\/li>\n\n\n\n<li>Vous souhaitez la cr\u00e9ation d&rsquo;une lecture musicale \u00e0 partir d&rsquo;ouvrages ne figurant pas dans nos propositions ? C&rsquo;est possible aussi !<\/li>\n\n\n\n<li>Vous souhaitez que nous r\u00e9alisions une vid\u00e9o int\u00e9grale d&rsquo;une lecture pour diffusion ? \u00c7a aussi, c&rsquo;est possible !<\/li>\n<\/ul>\n\n\n\n<p>Pour vous faire une id\u00e9e de ce que nous proposons, vous trouverez <a href=\"https:\/\/blopinterjection.com\/media\/videos\/\" target=\"_blank\" rel=\"noreferrer noopener\">ici<\/a> l&rsquo;ensemble des vid\u00e9os r\u00e9alis\u00e9es par nos soins (bandes annonces de lectures en public, lectures int\u00e9grales en vid\u00e9o, etc&#8230;)<\/p>\n\n\n\n<p><\/p>\n","protected":false},"excerpt":{"rendered":"<p>Le Collectif blOp vous propose \u00e9galement de r\u00e9aliser des lectures musicales \u00e0 la demande : Pour vous faire une id\u00e9e de ce que nous proposons, vous trouverez ici l&rsquo;ensemble des vid\u00e9os r\u00e9alis\u00e9es par nos soins (bandes annonces de lectures en<\/p>\n","protected":false},"author":1,"featured_media":0,"parent":0,"menu_order":0,"comment_status":"closed","ping_status":"closed","template":"","meta":{"footnotes":""},"class_list":["post-4091","page","type-page","status-publish","hentry"],"_links":{"self":[{"href":"https:\/\/lessortiesdufrigo.blopinterjection.com\/index.php?rest_route=\/wp\/v2\/pages\/4091","targetHints":{"allow":["GET"]}}],"collection":[{"href":"https:\/\/lessortiesdufrigo.blopinterjection.com\/index.php?rest_route=\/wp\/v2\/pages"}],"about":[{"href":"https:\/\/lessortiesdufrigo.blopinterjection.com\/index.php?rest_route=\/wp\/v2\/types\/page"}],"author":[{"embeddable":true,"href":"https:\/\/lessortiesdufrigo.blopinterjection.com\/index.php?rest_route=\/wp\/v2\/users\/1"}],"replies":[{"embeddable":true,"href":"https:\/\/lessortiesdufrigo.blopinterjection.com\/index.php?rest_route=%2Fwp%2Fv2%2Fcomments&post=4091"}],"version-history":[{"count":8,"href":"https:\/\/lessortiesdufrigo.blopinterjection.com\/index.php?rest_route=\/wp\/v2\/pages\/4091\/revisions"}],"predecessor-version":[{"id":4761,"href":"https:\/\/lessortiesdufrigo.blopinterjection.com\/index.php?rest_route=\/wp\/v2\/pages\/4091\/revisions\/4761"}],"wp:attachment":[{"href":"https:\/\/lessortiesdufrigo.blopinterjection.com\/index.php?rest_route=%2Fwp%2Fv2%2Fmedia&parent=4091"}],"curies":[{"name":"wp","href":"https:\/\/api.w.org\/{rel}","templated":true}]}}