{"id":4595,"date":"2024-12-25T22:03:31","date_gmt":"2024-12-25T21:03:31","guid":{"rendered":"https:\/\/lessortiesdufrigo.blopinterjection.com\/?page_id=4595"},"modified":"2024-12-25T22:42:40","modified_gmt":"2024-12-25T21:42:40","slug":"par-theme","status":"publish","type":"page","link":"https:\/\/lessortiesdufrigo.blopinterjection.com\/?page_id=4595","title":{"rendered":"Par th\u00e8me"},"content":{"rendered":"<p style=\"font-style:normal;font-weight:800;text-transform:none;\" class=\"alignwide is-style-default wp-block-tag-cloud\"><a href=\"https:\/\/lessortiesdufrigo.blopinterjection.com\/?tag=animaux\" class=\"tag-cloud-link tag-link-15 tag-link-position-1\" style=\"font-size: 24pt;\" aria-label=\"Ces animaux qui nous ressemblent (7 \u00e9l\u00e9ments)\">Ces animaux qui nous ressemblent<\/a>\n<a href=\"https:\/\/lessortiesdufrigo.blopinterjection.com\/?tag=contes\" class=\"tag-cloud-link tag-link-16 tag-link-position-2\" style=\"font-size: 18pt;\" aria-label=\"Contes mythes et l\u00e9gendes (3 \u00e9l\u00e9ments)\">Contes mythes et l\u00e9gendes<\/a>\n<a href=\"https:\/\/lessortiesdufrigo.blopinterjection.com\/?tag=halloween\" class=\"tag-cloud-link tag-link-13 tag-link-position-3\" style=\"font-size: 21.6pt;\" aria-label=\"Halloween (5 \u00e9l\u00e9ments)\">Halloween<\/a>\n<a href=\"https:\/\/lessortiesdufrigo.blopinterjection.com\/?tag=aventure\" class=\"tag-cloud-link tag-link-35 tag-link-position-4\" style=\"font-size: 15.6pt;\" aria-label=\"L&#039;aventure (2 \u00e9l\u00e9ments)\">L&#039;aventure<\/a>\n<a href=\"https:\/\/lessortiesdufrigo.blopinterjection.com\/?tag=guerre\" class=\"tag-cloud-link tag-link-20 tag-link-position-5\" style=\"font-size: 15.6pt;\" aria-label=\"La guerre h\u00e9las (2 \u00e9l\u00e9ments)\">La guerre h\u00e9las<\/a>\n<a href=\"https:\/\/lessortiesdufrigo.blopinterjection.com\/?tag=nature\" class=\"tag-cloud-link tag-link-39 tag-link-position-6\" style=\"font-size: 15.6pt;\" aria-label=\"La nature (2 \u00e9l\u00e9ments)\">La nature<\/a>\n<a href=\"https:\/\/lessortiesdufrigo.blopinterjection.com\/?tag=rentree\" class=\"tag-cloud-link tag-link-6 tag-link-position-7\" style=\"font-size: 18pt;\" aria-label=\"La rentr\u00e9e (3 \u00e9l\u00e9ments)\">La rentr\u00e9e<\/a>\n<a href=\"https:\/\/lessortiesdufrigo.blopinterjection.com\/?tag=technologie\" class=\"tag-cloud-link tag-link-19 tag-link-position-8\" style=\"font-size: 12pt;\" aria-label=\"La technologie et nous (1 \u00e9l\u00e9ment)\">La technologie et nous<\/a>\n<a href=\"https:\/\/lessortiesdufrigo.blopinterjection.com\/?tag=livre\" class=\"tag-cloud-link tag-link-33 tag-link-position-9\" style=\"font-size: 18pt;\" aria-label=\"Le livre (3 \u00e9l\u00e9ments)\">Le livre<\/a>\n<a href=\"https:\/\/lessortiesdufrigo.blopinterjection.com\/?tag=loup\" class=\"tag-cloud-link tag-link-31 tag-link-position-10\" style=\"font-size: 18pt;\" aria-label=\"Le loup et nous (3 \u00e9l\u00e9ments)\">Le loup et nous<\/a>\n<a href=\"https:\/\/lessortiesdufrigo.blopinterjection.com\/?tag=merveilleux\" class=\"tag-cloud-link tag-link-17 tag-link-position-11\" style=\"font-size: 20pt;\" aria-label=\"Le merveilleux (4 \u00e9l\u00e9ments)\">Le merveilleux<\/a>\n<a href=\"https:\/\/lessortiesdufrigo.blopinterjection.com\/?tag=emotions\" class=\"tag-cloud-link tag-link-34 tag-link-position-12\" style=\"font-size: 18pt;\" aria-label=\"Les \u00e9motions (3 \u00e9l\u00e9ments)\">Les \u00e9motions<\/a>\n<a href=\"https:\/\/lessortiesdufrigo.blopinterjection.com\/?tag=monstres\" class=\"tag-cloud-link tag-link-38 tag-link-position-13\" style=\"font-size: 15.6pt;\" aria-label=\"Monstres et compagnie (2 \u00e9l\u00e9ments)\">Monstres et compagnie<\/a>\n<a href=\"https:\/\/lessortiesdufrigo.blopinterjection.com\/?tag=noel\" class=\"tag-cloud-link tag-link-14 tag-link-position-14\" style=\"font-size: 21.6pt;\" aria-label=\"No\u00ebl (5 \u00e9l\u00e9ments)\">No\u00ebl<\/a>\n<a href=\"https:\/\/lessortiesdufrigo.blopinterjection.com\/?tag=sorciere\" class=\"tag-cloud-link tag-link-32 tag-link-position-15\" style=\"font-size: 20pt;\" aria-label=\"Un ballet de sorci\u00e8res (4 \u00e9l\u00e9ments)\">Un ballet de sorci\u00e8res<\/a>\n<a href=\"https:\/\/lessortiesdufrigo.blopinterjection.com\/?tag=poesie\" class=\"tag-cloud-link tag-link-18 tag-link-position-16\" style=\"font-size: 12pt;\" aria-label=\"Un peu de po\u00e9sie (1 \u00e9l\u00e9ment)\">Un peu de po\u00e9sie<\/a><\/p>\n\n\n<p><\/p>\n","protected":false},"excerpt":{"rendered":"","protected":false},"author":1,"featured_media":0,"parent":0,"menu_order":0,"comment_status":"closed","ping_status":"closed","template":"","meta":{"footnotes":""},"class_list":["post-4595","page","type-page","status-publish","hentry"],"_links":{"self":[{"href":"https:\/\/lessortiesdufrigo.blopinterjection.com\/index.php?rest_route=\/wp\/v2\/pages\/4595","targetHints":{"allow":["GET"]}}],"collection":[{"href":"https:\/\/lessortiesdufrigo.blopinterjection.com\/index.php?rest_route=\/wp\/v2\/pages"}],"about":[{"href":"https:\/\/lessortiesdufrigo.blopinterjection.com\/index.php?rest_route=\/wp\/v2\/types\/page"}],"author":[{"embeddable":true,"href":"https:\/\/lessortiesdufrigo.blopinterjection.com\/index.php?rest_route=\/wp\/v2\/users\/1"}],"replies":[{"embeddable":true,"href":"https:\/\/lessortiesdufrigo.blopinterjection.com\/index.php?rest_route=%2Fwp%2Fv2%2Fcomments&post=4595"}],"version-history":[{"count":9,"href":"https:\/\/lessortiesdufrigo.blopinterjection.com\/index.php?rest_route=\/wp\/v2\/pages\/4595\/revisions"}],"predecessor-version":[{"id":4617,"href":"https:\/\/lessortiesdufrigo.blopinterjection.com\/index.php?rest_route=\/wp\/v2\/pages\/4595\/revisions\/4617"}],"wp:attachment":[{"href":"https:\/\/lessortiesdufrigo.blopinterjection.com\/index.php?rest_route=%2Fwp%2Fv2%2Fmedia&parent=4595"}],"curies":[{"name":"wp","href":"https:\/\/api.w.org\/{rel}","templated":true}]}}